{"id":82,"date":"2021-12-09T16:38:54","date_gmt":"2021-12-09T21:38:54","guid":{"rendered":"https:\/\/museo.unab.edu.co\/?page_id=82"},"modified":"2025-03-19T17:53:35","modified_gmt":"2025-03-19T22:53:35","slug":"intro","status":"publish","type":"page","link":"https:\/\/museo.unab.edu.co\/","title":{"rendered":"Intro"},"content":{"rendered":"<p>[et_pb_section fb_built=\u00bb1&#8243; _builder_version=\u00bb4.16&#8243; _module_preset=\u00bbdefault\u00bb background_color=\u00bb#fca432&#8243; width=\u00bb100%\u00bb max_width=\u00bb100%\u00bb custom_margin=\u00bb|0px||0px|false|true\u00bb custom_padding=\u00bb1em|0em|1em|0em|true|true\u00bb global_colors_info=\u00bb{}\u00bb][et_pb_row _builder_version=\u00bb4.16&#8243; _module_preset=\u00bbdefault\u00bb width=\u00bb95%\u00bb max_width=\u00bb95%\u00bb animation_style=\u00bbslide\u00bb animation_direction=\u00bbright\u00bb global_colors_info=\u00bb{}\u00bb][et_pb_column type=\u00bb4_4&#8243; _builder_version=\u00bb4.16&#8243; _module_preset=\u00bbdefault\u00bb global_colors_info=\u00bb{}\u00bb][et_pb_text _builder_version=\u00bb4.16&#8243; _module_preset=\u00bbdefault\u00bb header_text_color=\u00bb#FFFFFF\u00bb border_width_bottom=\u00bb2px\u00bb border_color_bottom=\u00bb#EDF000&#8243; border_style_bottom=\u00bbdotted\u00bb global_colors_info=\u00bb{}\u00bb]<\/p>\n<h1>Proyectos <strong>multimedia<\/strong><\/h1>\n<p>[\/et_pb_text][\/et_pb_column][\/et_pb_row][et_pb_row column_structure=\u00bb1_3,1_3,1_3&#8243; _builder_version=\u00bb4.16&#8243; _module_preset=\u00bbdefault\u00bb width=\u00bb95%\u00bb max_width=\u00bb95%\u00bb animation_style=\u00bbslide\u00bb animation_direction=\u00bbright\u00bb global_colors_info=\u00bb{}\u00bb][et_pb_column type=\u00bb1_3&#8243; _builder_version=\u00bb4.16&#8243; _module_preset=\u00bbdefault\u00bb global_colors_info=\u00bb{}\u00bb][lwp_divi_flipbox front_title=\u00bbColecciones patrimoniales\u00bb use_front_icon=\u00bboff\u00bb front_src=\u00bbhttps:\/\/museo.unab.edu.co\/wp-content\/uploads\/2021\/12\/ban-colpatri-1.jpg\u00bb front_background_color=\u00bb#FFFFFF\u00bb back_title=\u00bbColecciones patrimoniales \u00bb back_body=\u00bb<\/p>\n<p>Recuperaci\u00f3n, salvaguarda y puesta en valor de tres colecciones patrimoniales; Cer\u00e1mica Guane, Fotograf\u00eda Quintilio Gavassa, y la colecci\u00f3n Musical del Maestro Gustavo G\u00f3mez Ardila.<\/p>\n<p>\u00bb button_text=\u00bbVisitar\u00bb button_url=\u00bbhttps:\/\/museo.unab.edu.co\/musunab\/\u00bb button_url_new_window=\u00bbon\u00bb use_back_icon=\u00bbon\u00bb back_background_color=\u00bb#f3f0df\u00bb _builder_version=\u00bb4.16&#8243; _module_preset=\u00bbdefault\u00bb header-front_level=\u00bbh1&#8243; header-front_font=\u00bb|600|||||||\u00bb header-front_text_align=\u00bbcenter\u00bb header-front_text_color=\u00bb#E09900&#8243; header-front_font_size=\u00bb20px\u00bb header-back_level=\u00bbh2&#8243; header-back_font=\u00bb|600|||||||\u00bb header-back_text_align=\u00bbcenter\u00bb header-back_text_color=\u00bb#E09900&#8243; header-back_font_size=\u00bb20px\u00bb back-body_text_color=\u00bb#000000&#8243; custom_button=\u00bbon\u00bb button_text_size=\u00bb17px\u00bb button_text_color=\u00bb#FFFFFF\u00bb button_bg_color=\u00bb#E09900&#8243; button_border_color=\u00bbRGBA(255,255,255,0)\u00bb button_icon=\u00bb&#xf06e;||fa||400&#8243; button_alignment=\u00bbcenter\u00bb custom_padding=\u00bb1em||1em||true|false\u00bb border_radii=\u00bbon|7px|7px|7px|7px\u00bb box_shadow_style=\u00bbpreset1&#8243; global_colors_info=\u00bb{}\u00bb][\/lwp_divi_flipbox][\/et_pb_column][et_pb_column type=\u00bb1_3&#8243; _builder_version=\u00bb4.16&#8243; _module_preset=\u00bbdefault\u00bb global_colors_info=\u00bb{}\u00bb][lwp_divi_flipbox front_title=\u00bbPaisaje cultural del Chicamocha\u00bb use_front_icon=\u00bboff\u00bb front_src=\u00bbhttps:\/\/museo.unab.edu.co\/wp-content\/uploads\/2021\/12\/ban-paisajes-1.jpg\u00bb front_background_color=\u00bb#FFFFFF\u00bb back_title=\u00bbPaisaje cultural del Chicamocha \u00bb back_body=\u00bb<\/p>\n<p>Herramienta audiovisual que divulga el patrimonio arqueol\u00f3gico, arquitect\u00f3nico y gastron\u00f3mico del oriente colombiano y que promueve la apropiaci\u00f3n del patrimonio material e inmaterial de la regi\u00f3n<\/p>\n<p>\u00bb button_text=\u00bbVisitar\u00bb button_url=\u00bbhttps:\/\/museo.unab.edu.co\/chicamocha\/\u00bb button_url_new_window=\u00bbon\u00bb use_back_icon=\u00bbon\u00bb back_background_color=\u00bb#f7ede3&#8243; _builder_version=\u00bb4.16&#8243; _module_preset=\u00bbdefault\u00bb header-front_level=\u00bbh1&#8243; header-front_font=\u00bb|600|||||||\u00bb header-front_text_align=\u00bbcenter\u00bb header-front_text_color=\u00bb#E09900&#8243; header-front_font_size=\u00bb17px\u00bb header-back_level=\u00bbh2&#8243; header-back_font=\u00bb|600|||||||\u00bb header-back_text_align=\u00bbcenter\u00bb header-back_text_color=\u00bb#E09900&#8243; header-back_font_size=\u00bb17px\u00bb back-body_text_color=\u00bb#000000&#8243; custom_button=\u00bbon\u00bb button_text_size=\u00bb17px\u00bb button_text_color=\u00bb#FFFFFF\u00bb button_bg_color=\u00bb#E09900&#8243; button_border_color=\u00bbRGBA(255,255,255,0)\u00bb button_icon=\u00bb&#xf06e;||fa||400&#8243; button_alignment=\u00bbcenter\u00bb custom_padding=\u00bb1em||1em||true|false\u00bb border_radii=\u00bbon|7px|7px|7px|7px\u00bb box_shadow_style=\u00bbpreset1&#8243; global_colors_info=\u00bb{}\u00bb][\/lwp_divi_flipbox][\/et_pb_column][et_pb_column type=\u00bb1_3&#8243; _builder_version=\u00bb4.16&#8243; _module_preset=\u00bbdefault\u00bb global_colors_info=\u00bb{}\u00bb][lwp_divi_flipbox front_title=\u00bbSaberes y quehaceres \u00bb use_front_icon=\u00bboff\u00bb front_src=\u00bbhttps:\/\/museo.unab.edu.co\/wp-content\/uploads\/2021\/12\/ban-saberes-1.jpg\u00bb front_background_color=\u00bb#FFFFFF\u00bb back_title=\u00bbSaberes y quehaceres \u00bb back_body=\u00bb<\/p>\n<p>Documental interactivo sobre oficios tradicionales que hacen parte del patrimonio cultural inmaterial del oriente colombiano.<\/p>\n<p>\u00bb button_text=\u00bbVisitar\u00bb button_url=\u00bbhttps:\/\/museo.unab.edu.co\/saberes\/\u00bb button_url_new_window=\u00bbon\u00bb use_back_icon=\u00bbon\u00bb back_background_color=\u00bb#f1f4e8&#8243; _builder_version=\u00bb4.16&#8243; _module_preset=\u00bbdefault\u00bb header-front_level=\u00bbh1&#8243; header-front_font=\u00bb|600|||||||\u00bb header-front_text_align=\u00bbcenter\u00bb header-front_text_color=\u00bb#E09900&#8243; header-front_font_size=\u00bb20px\u00bb header-back_level=\u00bbh2&#8243; header-back_font=\u00bb|600|||||||\u00bb header-back_text_align=\u00bbcenter\u00bb header-back_text_color=\u00bb#E09900&#8243; header-back_font_size=\u00bb20px\u00bb back-body_text_color=\u00bb#000000&#8243; custom_button=\u00bbon\u00bb button_text_size=\u00bb17px\u00bb button_text_color=\u00bb#FFFFFF\u00bb button_bg_color=\u00bb#E09900&#8243; button_border_color=\u00bbRGBA(255,255,255,0)\u00bb button_icon=\u00bb&#xf06e;||fa||400&#8243; button_alignment=\u00bbcenter\u00bb custom_padding=\u00bb1em||1em||true|false\u00bb border_radii=\u00bbon|7px|7px|7px|7px\u00bb box_shadow_style=\u00bbpreset1&#8243; global_colors_info=\u00bb{}\u00bb][\/lwp_divi_flipbox][\/et_pb_column][\/et_pb_row][et_pb_row column_structure=\u00bb1_3,1_3,1_3&#8243; _builder_version=\u00bb4.16&#8243; _module_preset=\u00bbdefault\u00bb width=\u00bb95%\u00bb max_width=\u00bb95%\u00bb animation_style=\u00bbslide\u00bb animation_direction=\u00bbright\u00bb global_colors_info=\u00bb{}\u00bb][et_pb_column type=\u00bb1_3&#8243; _builder_version=\u00bb4.16&#8243; _module_preset=\u00bbdefault\u00bb global_colors_info=\u00bb{}\u00bb][lwp_divi_flipbox front_title=\u00bbSabores y saberes\u00bb use_front_icon=\u00bboff\u00bb front_src=\u00bbhttps:\/\/museo.unab.edu.co\/wp-content\/uploads\/2021\/12\/ban-sabores.jpg\u00bb front_background_color=\u00bb#FFFFFF\u00bb back_title=\u00bbSabores y saberes\u00bb back_body=\u00bb<\/p>\n<p>Miniserie documental de cuatro cap\u00edtulos que busca preservar las recetas ancestrales de la regi\u00f3n.<\/p>\n<p>\u00bb button_text=\u00bbVisitar\u00bb button_url=\u00bbhttps:\/\/unabtv.com\/tag\/sabores-y-saberes\/\u00bb button_url_new_window=\u00bbon\u00bb use_back_icon=\u00bbon\u00bb back_background_color=\u00bb#ece7d1&#8243; _builder_version=\u00bb4.16&#8243; _module_preset=\u00bbdefault\u00bb header-front_level=\u00bbh1&#8243; header-front_font=\u00bb|600|||||||\u00bb header-front_text_align=\u00bbcenter\u00bb header-front_text_color=\u00bb#E09900&#8243; header-front_font_size=\u00bb20px\u00bb header-back_level=\u00bbh2&#8243; header-back_font=\u00bb|600|||||||\u00bb header-back_text_align=\u00bbcenter\u00bb header-back_text_color=\u00bb#E09900&#8243; header-back_font_size=\u00bb20px\u00bb back-body_text_color=\u00bb#000000&#8243; custom_button=\u00bbon\u00bb button_text_size=\u00bb17px\u00bb button_text_color=\u00bb#FFFFFF\u00bb button_bg_color=\u00bb#E09900&#8243; button_border_color=\u00bbRGBA(255,255,255,0)\u00bb button_icon=\u00bb&#xf06e;||fa||400&#8243; button_alignment=\u00bbcenter\u00bb custom_padding=\u00bb1em||1em||true|false\u00bb border_radii=\u00bbon|7px|7px|7px|7px\u00bb box_shadow_style=\u00bbpreset1&#8243; global_colors_info=\u00bb{}\u00bb][\/lwp_divi_flipbox][\/et_pb_column][et_pb_column type=\u00bb1_3&#8243; _builder_version=\u00bb4.16&#8243; _module_preset=\u00bbdefault\u00bb global_colors_info=\u00bb{}\u00bb][lwp_divi_flipbox front_title=\u00bbLa 45 la calle de la desdicha \u00bb use_front_icon=\u00bboff\u00bb front_src=\u00bbhttps:\/\/museo.unab.edu.co\/wp-content\/uploads\/2021\/12\/ban-la45.jpg\u00bb front_background_color=\u00bb#FFFFFF\u00bb back_title=\u00bbLa 45 la calle de la desdicha \u00bb back_body=\u00bb<\/p>\n<p>Productos expandidos: un documental sobre los imaginarios sociales, un podcast que aborda los aspectos antropol\u00f3gicos y sociol\u00f3gicos de la calle, un paisaje sonoro y un multimedia con la reconstrucci\u00f3n hist\u00f3rica del lugar.<\/p>\n<p>\u00bb button_text=\u00bbVisitar\u00bb button_url=\u00bbhttps:\/\/la45calledeladesdicha.com\/\u00bb button_url_new_window=\u00bbon\u00bb use_back_icon=\u00bbon\u00bb back_background_color=\u00bb#f2f2f2&#8243; _builder_version=\u00bb4.16&#8243; _module_preset=\u00bbdefault\u00bb header-front_level=\u00bbh1&#8243; header-front_font=\u00bb|600|||||||\u00bb header-front_text_align=\u00bbcenter\u00bb header-front_text_color=\u00bb#E09900&#8243; header-front_font_size=\u00bb17px\u00bb header-back_level=\u00bbh2&#8243; header-back_font=\u00bb|600|||||||\u00bb header-back_text_align=\u00bbcenter\u00bb header-back_text_color=\u00bb#E09900&#8243; header-back_font_size=\u00bb17px\u00bb back-body_text_color=\u00bb#000000&#8243; custom_button=\u00bbon\u00bb button_text_size=\u00bb17px\u00bb button_text_color=\u00bb#FFFFFF\u00bb button_bg_color=\u00bb#E09900&#8243; button_border_color=\u00bbRGBA(255,255,255,0)\u00bb button_icon=\u00bb&#xf06e;||fa||400&#8243; button_alignment=\u00bbcenter\u00bb custom_padding=\u00bb1em||1em||true|false\u00bb border_radii=\u00bbon|7px|7px|7px|7px\u00bb box_shadow_style=\u00bbpreset1&#8243; global_colors_info=\u00bb{}\u00bb][\/lwp_divi_flipbox][\/et_pb_column][et_pb_column type=\u00bb1_3&#8243; _builder_version=\u00bb4.16&#8243; _module_preset=\u00bbdefault\u00bb global_colors_info=\u00bb{}\u00bb][lwp_divi_flipbox front_title=\u00bbYerberito \u00bb use_front_icon=\u00bboff\u00bb front_src=\u00bbhttps:\/\/museo.unab.edu.co\/wp-content\/uploads\/2021\/12\/ban-yeber.jpg\u00bb front_background_color=\u00bb#FFFFFF\u00bb back_title=\u00bbYerberito \u00bb back_body=\u00bb<\/p>\n<p>Proyecto transmedia que vincula arte, ciencia y tecnolog\u00eda. Es el resultado de una investigaci\u00f3n que busca promover el uso sostenible de las plantas medicinales nativas colombianas en pro de su conservaci\u00f3n y de la biodiversidad.<\/p>\n<p>\u00bb button_text=\u00bbVisitar\u00bb button_url=\u00bbhttps:\/\/www.anateresaarciniegas.com\/yerberito\/#PREINTRO\u00bb button_url_new_window=\u00bbon\u00bb use_back_icon=\u00bbon\u00bb back_background_color=\u00bb#e3eed5&#8243; _builder_version=\u00bb4.16&#8243; _module_preset=\u00bbdefault\u00bb header-front_level=\u00bbh1&#8243; header-front_font=\u00bb|600|||||||\u00bb header-front_text_align=\u00bbcenter\u00bb header-front_text_color=\u00bb#E09900&#8243; header-front_font_size=\u00bb20px\u00bb header-back_level=\u00bbh2&#8243; header-back_font=\u00bb|600|||||||\u00bb header-back_text_align=\u00bbcenter\u00bb header-back_text_color=\u00bb#E09900&#8243; header-back_font_size=\u00bb20px\u00bb back-body_text_color=\u00bb#000000&#8243; custom_button=\u00bbon\u00bb button_text_size=\u00bb17px\u00bb button_text_color=\u00bb#FFFFFF\u00bb button_bg_color=\u00bb#E09900&#8243; button_border_color=\u00bbRGBA(255,255,255,0)\u00bb button_icon=\u00bb&#xf06e;||fa||400&#8243; button_alignment=\u00bbcenter\u00bb custom_padding=\u00bb1em||1em||true|false\u00bb border_radii=\u00bbon|7px|7px|7px|7px\u00bb box_shadow_style=\u00bbpreset1&#8243; global_colors_info=\u00bb{}\u00bb][\/lwp_divi_flipbox][\/et_pb_column][\/et_pb_row][et_pb_row column_structure=\u00bb1_3,1_3,1_3&#8243; _builder_version=\u00bb4.16&#8243; _module_preset=\u00bbdefault\u00bb width=\u00bb95%\u00bb max_width=\u00bb95%\u00bb animation_style=\u00bbslide\u00bb animation_direction=\u00bbright\u00bb global_colors_info=\u00bb{}\u00bb][et_pb_column type=\u00bb1_3&#8243; _builder_version=\u00bb4.16&#8243; _module_preset=\u00bbdefault\u00bb global_colors_info=\u00bb{}\u00bb][lwp_divi_flipbox front_title=\u00bbF\u00f3siles en tu territorio\u00bb use_front_icon=\u00bboff\u00bb front_src=\u00bbhttps:\/\/museo.unab.edu.co\/wp-content\/uploads\/2021\/12\/ban-fosiles.jpg\u00bb front_background_color=\u00bb#FFFFFF\u00bb back_title=\u00bbF\u00f3siles en tu territorio\u00bb back_body=\u00bb<\/p>\n<p><span>Proyecto de investigaci\u00f3n creaci\u00f3n que indaga sobre los nuevos hallazgos f\u00f3siles en Colombia con el objetivo de fortalecer la apropiaci\u00f3n del patrimonio paleontol\u00f3gico del pa\u00eds.<\/span><\/p>\n<p>\u00bb button_text=\u00bbVisitar\u00bb button_url=\u00bbhttp:\/\/fosilesentuterritorio.com\/\u00bb button_url_new_window=\u00bbon\u00bb use_back_icon=\u00bbon\u00bb back_background_color=\u00bb#ece7d1&#8243; _builder_version=\u00bb4.16&#8243; _module_preset=\u00bbdefault\u00bb header-front_level=\u00bbh1&#8243; header-front_font=\u00bb|600|||||||\u00bb header-front_text_align=\u00bbcenter\u00bb header-front_text_color=\u00bb#E09900&#8243; header-front_font_size=\u00bb20px\u00bb header-back_level=\u00bbh2&#8243; header-back_font=\u00bb|600|||||||\u00bb header-back_text_align=\u00bbcenter\u00bb header-back_text_color=\u00bb#E09900&#8243; header-back_font_size=\u00bb20px\u00bb back-body_text_color=\u00bb#000000&#8243; custom_button=\u00bbon\u00bb button_text_size=\u00bb17px\u00bb button_text_color=\u00bb#FFFFFF\u00bb button_bg_color=\u00bb#E09900&#8243; button_border_color=\u00bbRGBA(255,255,255,0)\u00bb button_icon=\u00bb&#xf06e;||fa||400&#8243; button_alignment=\u00bbcenter\u00bb custom_padding=\u00bb1em||1em||true|false\u00bb border_radii=\u00bbon|7px|7px|7px|7px\u00bb box_shadow_style=\u00bbpreset1&#8243; global_colors_info=\u00bb{}\u00bb][\/lwp_divi_flipbox][\/et_pb_column][et_pb_column type=\u00bb1_3&#8243; _builder_version=\u00bb4.16&#8243; _module_preset=\u00bbdefault\u00bb global_colors_info=\u00bb{}\u00bb][\/et_pb_column][et_pb_column type=\u00bb1_3&#8243; _builder_version=\u00bb4.16&#8243; _module_preset=\u00bbdefault\u00bb global_colors_info=\u00bb{}\u00bb][\/et_pb_column][\/et_pb_row][\/et_pb_section][et_pb_section fb_built=\u00bb1&#8243; _builder_version=\u00bb4.16&#8243; _module_preset=\u00bbdefault\u00bb background_image=\u00bbhttps:\/\/museo.unab.edu.co\/wp-content\/uploads\/2021\/12\/fnd-muscontac.jpg\u00bb custom_margin=\u00bb|0em||0em|false|true\u00bb custom_padding=\u00bb1em|1em|1em|1em|true|true\u00bb global_colors_info=\u00bb{}\u00bb][et_pb_row module_id=\u00bbcontacto\u00bb _builder_version=\u00bb4.16&#8243; _module_preset=\u00bbdefault\u00bb width=\u00bb95%\u00bb max_width=\u00bb95%\u00bb animation_style=\u00bbslide\u00bb animation_direction=\u00bbright\u00bb global_colors_info=\u00bb{}\u00bb][et_pb_column type=\u00bb4_4&#8243; _builder_version=\u00bb4.16&#8243; _module_preset=\u00bbdefault\u00bb global_colors_info=\u00bb{}\u00bb][et_pb_text _builder_version=\u00bb4.16&#8243; _module_preset=\u00bbdefault\u00bb header_text_color=\u00bb#E09900&#8243; border_width_bottom=\u00bb2px\u00bb border_color_bottom=\u00bb#FFFFFF\u00bb border_style_bottom=\u00bbdotted\u00bb global_colors_info=\u00bb{}\u00bb]<\/p>\n<h1>Cont\u00e1ctanos<\/h1>\n<p>[\/et_pb_text][\/et_pb_column][\/et_pb_row][et_pb_row column_structure=\u00bb3_5,2_5&#8243; _builder_version=\u00bb4.16&#8243; _module_preset=\u00bbdefault\u00bb width=\u00bb95%\u00bb max_width=\u00bb95%\u00bb animation_style=\u00bbslide\u00bb animation_direction=\u00bbright\u00bb global_colors_info=\u00bb{}\u00bb][et_pb_column type=\u00bb3_5&#8243; _builder_version=\u00bb4.16&#8243; _module_preset=\u00bbdefault\u00bb global_colors_info=\u00bb{}\u00bb][et_pb_contact_form email=\u00bbcacosta@unab.edu.co\u00bb custom_message=\u00bbMensaje enviado desde Musunab:||et_pb_line_break_holder||||et_pb_line_break_holder||<b>Nombre:<\/b> %%Name%%||et_pb_line_break_holder||<b>Correo:<\/b>  %%Email%%||et_pb_line_break_holder||<b>Mensaje:<\/b> %%message%%||et_pb_line_break_holder||\u00bb success_message=\u00bbGracias por contactarnos\u00bb _builder_version=\u00bb4.16&#8243; _module_preset=\u00bbdefault\u00bb _unique_id=\u00bb16b5cfc4-d7ec-4aa8-afba-4368860b8e3c\u00bb form_field_background_color=\u00bb#FFFFFF\u00bb form_field_text_color=\u00bb#E09900&#8243; captcha_font=\u00bb|700|||||||\u00bb captcha_text_color=\u00bb#000000&#8243; captcha_letter_spacing=\u00bb1px\u00bb custom_button=\u00bbon\u00bb button_text_color=\u00bb#FFFFFF\u00bb button_bg_color=\u00bb#E09900&#8243; button_border_width=\u00bb0px\u00bb button_border_radius=\u00bb8px\u00bb captcha_text_shadow_style=\u00bbpreset3&#8243; captcha_text_shadow_color=\u00bb#FFFFFF\u00bb border_radii=\u00bbon|7px|7px|7px|7px\u00bb box_shadow_style_button=\u00bbpreset1&#8243; box_shadow_color_button=\u00bbrgba(255,255,255,0.19)\u00bb global_colors_info=\u00bb{}\u00bb][et_pb_contact_field field_id=\u00bbName\u00bb field_title=\u00bbNombre\u00bb _builder_version=\u00bb4.16&#8243; global_colors_info=\u00bb{}\u00bb button_text_size__hover_enabled=\u00bboff\u00bb button_one_text_size__hover_enabled=\u00bboff\u00bb button_two_text_size__hover_enabled=\u00bboff\u00bb button_text_color__hover_enabled=\u00bboff\u00bb button_one_text_color__hover_enabled=\u00bboff\u00bb button_two_text_color__hover_enabled=\u00bboff\u00bb button_border_width__hover_enabled=\u00bboff\u00bb button_one_border_width__hover_enabled=\u00bboff\u00bb button_two_border_width__hover_enabled=\u00bboff\u00bb button_border_color__hover_enabled=\u00bboff\u00bb button_one_border_color__hover_enabled=\u00bboff\u00bb button_two_border_color__hover_enabled=\u00bboff\u00bb button_border_radius__hover_enabled=\u00bboff\u00bb button_one_border_radius__hover_enabled=\u00bboff\u00bb button_two_border_radius__hover_enabled=\u00bboff\u00bb button_letter_spacing__hover_enabled=\u00bboff\u00bb button_one_letter_spacing__hover_enabled=\u00bboff\u00bb button_two_letter_spacing__hover_enabled=\u00bboff\u00bb button_bg_color__hover_enabled=\u00bboff\u00bb button_one_bg_color__hover_enabled=\u00bboff\u00bb button_two_bg_color__hover_enabled=\u00bboff\u00bb][\/et_pb_contact_field][et_pb_contact_field field_id=\u00bbEmail\u00bb field_title=\u00bbDirecci\u00f3n de correo electr\u00f3nico\u00bb field_type=\u00bbemail\u00bb _builder_version=\u00bb4.16&#8243; global_colors_info=\u00bb{}\u00bb button_text_size__hover_enabled=\u00bboff\u00bb button_one_text_size__hover_enabled=\u00bboff\u00bb button_two_text_size__hover_enabled=\u00bboff\u00bb button_text_color__hover_enabled=\u00bboff\u00bb button_one_text_color__hover_enabled=\u00bboff\u00bb button_two_text_color__hover_enabled=\u00bboff\u00bb button_border_width__hover_enabled=\u00bboff\u00bb button_one_border_width__hover_enabled=\u00bboff\u00bb button_two_border_width__hover_enabled=\u00bboff\u00bb button_border_color__hover_enabled=\u00bboff\u00bb button_one_border_color__hover_enabled=\u00bboff\u00bb button_two_border_color__hover_enabled=\u00bboff\u00bb button_border_radius__hover_enabled=\u00bboff\u00bb button_one_border_radius__hover_enabled=\u00bboff\u00bb button_two_border_radius__hover_enabled=\u00bboff\u00bb button_letter_spacing__hover_enabled=\u00bboff\u00bb button_one_letter_spacing__hover_enabled=\u00bboff\u00bb button_two_letter_spacing__hover_enabled=\u00bboff\u00bb button_bg_color__hover_enabled=\u00bboff\u00bb button_one_bg_color__hover_enabled=\u00bboff\u00bb button_two_bg_color__hover_enabled=\u00bboff\u00bb][\/et_pb_contact_field][et_pb_contact_field field_id=\u00bbMessage\u00bb field_title=\u00bbMensaje\u00bb field_type=\u00bbtext\u00bb fullwidth_field=\u00bbon\u00bb _builder_version=\u00bb4.16&#8243; global_colors_info=\u00bb{}\u00bb button_text_size__hover_enabled=\u00bboff\u00bb button_one_text_size__hover_enabled=\u00bboff\u00bb button_two_text_size__hover_enabled=\u00bboff\u00bb button_text_color__hover_enabled=\u00bboff\u00bb button_one_text_color__hover_enabled=\u00bboff\u00bb button_two_text_color__hover_enabled=\u00bboff\u00bb button_border_width__hover_enabled=\u00bboff\u00bb button_one_border_width__hover_enabled=\u00bboff\u00bb button_two_border_width__hover_enabled=\u00bboff\u00bb button_border_color__hover_enabled=\u00bboff\u00bb button_one_border_color__hover_enabled=\u00bboff\u00bb button_two_border_color__hover_enabled=\u00bboff\u00bb button_border_radius__hover_enabled=\u00bboff\u00bb button_one_border_radius__hover_enabled=\u00bboff\u00bb button_two_border_radius__hover_enabled=\u00bboff\u00bb button_letter_spacing__hover_enabled=\u00bboff\u00bb button_one_letter_spacing__hover_enabled=\u00bboff\u00bb button_two_letter_spacing__hover_enabled=\u00bboff\u00bb button_bg_color__hover_enabled=\u00bboff\u00bb button_one_bg_color__hover_enabled=\u00bboff\u00bb button_two_bg_color__hover_enabled=\u00bboff\u00bb][\/et_pb_contact_field][\/et_pb_contact_form][\/et_pb_column][et_pb_column type=\u00bb2_5&#8243; _builder_version=\u00bb4.16&#8243; _module_preset=\u00bbdefault\u00bb global_colors_info=\u00bb{}\u00bb][et_pb_text _builder_version=\u00bb4.16&#8243; _module_preset=\u00bbdefault\u00bb text_font=\u00bb|600|||||||\u00bb text_text_color=\u00bb#ffffff\u00bb background_color=\u00bbrgba(0,0,0,0.23)\u00bb custom_padding=\u00bb1em|1em|1em|1em|true|true\u00bb text_font_size_tablet=\u00bb\u00bb text_font_size_phone=\u00bb\u00bb text_font_size_last_edited=\u00bbon|desktop\u00bb text_text_shadow_style=\u00bbpreset3&#8243; border_radii=\u00bbon|7px|7px|7px|7px\u00bb global_colors_info=\u00bb{}\u00bb]<\/p>\n<p>Universidad UNAB<br \/>Avenida 42 No. 48 \u2013 11, Bucaramanga &#8211; Colombia.<br \/>PBX (57) (7) 643 6111\/643 6261<br \/>Centro de Contacto: 018000127395<\/p>\n<p>[\/et_pb_text][\/et_pb_column][\/et_pb_row][\/et_pb_section]<\/p>\n","protected":false},"excerpt":{"rendered":"<p>Proyectos multimedia<div class=\"et_pb_module lwp_divi_flipbox lwp_divi_flipbox_0\">\n\t\t\t\t\n\t\t\t\t\n\t\t\t\t\n\t\t\t\t\n\t\t\t\t\n\t\t\t\t\n\t\t\t\t<div class=\"et_pb_module_inner\">\n\t\t\t\t\t<div class=\"flip_box flip_right \">\n\t\t\t<div class=\"flip_box_inner\">\n\t\t\t\t<div class=\"flip_box_front flip_card\">\n\t\t\t\t\t<span class=\"image_wrap\"><img decoding=\"async\" src=\"\u00bbhttps:\/\/museo.unab.edu.co\/wp-content\/uploads\/2021\/12\/ban-colpatri-1.jpg\u00bb\"\/><\/span>\n\t\t\t\t\t<\u00bbh1&#8243; class=\"front_title\">\u00bbColecciones<\/\u00bbh1&#8243;>\n\t\t\t\t\t\n\t\t\t\t<\/div>\n\t\t\t\t<div class=\"flip_box_back flip_card\">\n\t\t\t\t\t<span class=\"image_wrap\"><img decoding=\"async\" src=\"\"\/><\/span>\n\t\t\t\t\t<\u00bbh2&#8243; class=\"back_title\">\u00bbColecciones<\/\u00bbh2&#8243;>\n\t\t\t\t\t<div class=\"back_body\">\u00bbRecuperaci\u00f3n,<\/div>\n\t\t\t\t\t<div class=\"et_pb_button_wrapper\"><a class=\"et_pb_button\" href=\"\">\u00bbVisitar\u00bb<\/a><\/div>\n\t\t\t\t<\/div>\n\t\t\t<\/div>\n\t\t<\/div>\n\t\t\t\t<\/div>\n\t\t\t<\/div><\/p>\n","protected":false},"author":1,"featured_media":0,"parent":0,"menu_order":0,"comment_status":"closed","ping_status":"closed","template":"","meta":{"_et_pb_use_builder":"on","_et_pb_old_content":"","_et_gb_content_width":"","footnotes":""},"class_list":["post-82","page","type-page","status-publish","hentry"],"_links":{"self":[{"href":"https:\/\/museo.unab.edu.co\/index.php?rest_route=\/wp\/v2\/pages\/82","targetHints":{"allow":["GET"]}}],"collection":[{"href":"https:\/\/museo.unab.edu.co\/index.php?rest_route=\/wp\/v2\/pages"}],"about":[{"href":"https:\/\/museo.unab.edu.co\/index.php?rest_route=\/wp\/v2\/types\/page"}],"author":[{"embeddable":true,"href":"https:\/\/museo.unab.edu.co\/index.php?rest_route=\/wp\/v2\/users\/1"}],"replies":[{"embeddable":true,"href":"https:\/\/museo.unab.edu.co\/index.php?rest_route=%2Fwp%2Fv2%2Fcomments&post=82"}],"version-history":[{"count":32,"href":"https:\/\/museo.unab.edu.co\/index.php?rest_route=\/wp\/v2\/pages\/82\/revisions"}],"predecessor-version":[{"id":194,"href":"https:\/\/museo.unab.edu.co\/index.php?rest_route=\/wp\/v2\/pages\/82\/revisions\/194"}],"wp:attachment":[{"href":"https:\/\/museo.unab.edu.co\/index.php?rest_route=%2Fwp%2Fv2%2Fmedia&parent=82"}],"curies":[{"name":"wp","href":"https:\/\/api.w.org\/{rel}","templated":true}]}}